{"id":3,"date":"2021-01-28T15:40:26","date_gmt":"2021-01-28T14:40:26","guid":{"rendered":"http:\/\/manuche-dessins.fr\/?page_id=3"},"modified":"2025-11-23T15:30:13","modified_gmt":"2025-11-23T14:30:13","slug":"politique-de-confidentialite","status":"publish","type":"page","link":"http:\/\/manuche-dessins.fr\/?page_id=3","title":{"rendered":"Base tarifaire"},"content":{"rendered":"\n<p>Ci-dessous la base tarifaire que je pratique avec quelques exemples de niveau de d\u00e9tail :<\/p>\n\n\n\n<figure class=\"wp-block-image size-full\"><img loading=\"lazy\" decoding=\"async\" width=\"817\" height=\"1238\" src=\"http:\/\/manuche-dessins.fr\/wp-content\/uploads\/2025\/11\/tarifs2026.jpg\" alt=\"\" class=\"wp-image-255\" srcset=\"http:\/\/manuche-dessins.fr\/wp-content\/uploads\/2025\/11\/tarifs2026.jpg 817w, http:\/\/manuche-dessins.fr\/wp-content\/uploads\/2025\/11\/tarifs2026-198x300.jpg 198w, http:\/\/manuche-dessins.fr\/wp-content\/uploads\/2025\/11\/tarifs2026-676x1024.jpg 676w, http:\/\/manuche-dessins.fr\/wp-content\/uploads\/2025\/11\/tarifs2026-768x1164.jpg 768w\" sizes=\"auto, (max-width: 817px) 100vw, 817px\" \/><\/figure>\n\n\n\n<p>Le mieux est de me contacter afin de pr\u00e9senter votre projet et que je puisse vous faire le devis correspondant \u00e0 votre projet.<\/p>\n","protected":false},"excerpt":{"rendered":"<p>Ci-dessous la base tarifaire que je pratique avec quelques exemples de niveau de d\u00e9tail : Le mieux est de me contacter afin de pr\u00e9senter votre projet et que je puisse vous faire le devis correspondant \u00e0 votre projet.<\/p>\n","protected":false},"author":1,"featured_media":0,"parent":0,"menu_order":0,"comment_status":"closed","ping_status":"open","template":"","meta":{"footnotes":""},"class_list":["post-3","page","type-page","status-publish","hentry"],"jetpack_sharing_enabled":true,"_links":{"self":[{"href":"http:\/\/manuche-dessins.fr\/index.php?rest_route=\/wp\/v2\/pages\/3","targetHints":{"allow":["GET"]}}],"collection":[{"href":"http:\/\/manuche-dessins.fr\/index.php?rest_route=\/wp\/v2\/pages"}],"about":[{"href":"http:\/\/manuche-dessins.fr\/index.php?rest_route=\/wp\/v2\/types\/page"}],"author":[{"embeddable":true,"href":"http:\/\/manuche-dessins.fr\/index.php?rest_route=\/wp\/v2\/users\/1"}],"replies":[{"embeddable":true,"href":"http:\/\/manuche-dessins.fr\/index.php?rest_route=%2Fwp%2Fv2%2Fcomments&post=3"}],"version-history":[{"count":3,"href":"http:\/\/manuche-dessins.fr\/index.php?rest_route=\/wp\/v2\/pages\/3\/revisions"}],"predecessor-version":[{"id":256,"href":"http:\/\/manuche-dessins.fr\/index.php?rest_route=\/wp\/v2\/pages\/3\/revisions\/256"}],"wp:attachment":[{"href":"http:\/\/manuche-dessins.fr\/index.php?rest_route=%2Fwp%2Fv2%2Fmedia&parent=3"}],"curies":[{"name":"wp","href":"https:\/\/api.w.org\/{rel}","templated":true}]}}